{"id":148,"date":"2017-03-13T13:39:45","date_gmt":"2017-03-13T10:39:45","guid":{"rendered":"https:\/\/www.hstr-oto.com\/?page_id=148"},"modified":"2024-08-08T13:40:49","modified_gmt":"2024-08-08T10:40:49","slug":"cevre-politikamiz-ve-amaclarimiz","status":"publish","type":"page","link":"https:\/\/www.hsabg.com\/?page_id=148","title":{"rendered":"\u00c7evre Politikam\u0131z ve Ama\u00e7lar\u0131m\u0131z"},"content":{"rendered":"<p><span style=\"font-weight: 400;\">Faal halde oldu\u011fumuz i\u015f kollar\u0131nda <\/span><strong>HWASEUNG TR (HSTR)<\/strong><span style=\"font-weight: 400;\">; do\u011frudan ve dolayl\u0131 olarak etkile\u015fim i&ccedil;inde oldu\u011fu ki\u015fi, kurum ve kurulu\u015flar\u0131n &ccedil;evre bilincini art\u0131rmay\u0131, yerel ve b&ouml;lgesel kom\u015fular\u0131na kar\u015f\u0131 &ccedil;evresel sorumluluklar\u0131n\u0131 yerine getirmeyi g&ouml;rev kabul eder, &ccedil;evrenin ve do\u011fal kaynaklar\u0131n etkin kullan\u0131m\u0131n\u0131 esas alan sistemler olu\u015fturur ve s&uuml;reklili\u011fini sa\u011flar.<\/span><\/p>\n<p><span style=\"font-weight: 400;\">Bu politika do\u011frultusunda;<\/span><\/p>\n<ul>\n<li style=\"font-weight: 400;\"><span style=\"font-weight: 400;\">&Ccedil;evre ile ilgili yasal gereklilikleri yerine getirmek ve yapaca\u011f\u0131m\u0131z &ccedil;evre boyutlar\u0131 ve etkileri analizleri ile gerekli tedbirleri al\u0131p ISO 14001:2015 &Ccedil;evre Y&ouml;netim Sistemi&rsquo; mizi s&uuml;rekli iyile\u015ftirmek,<\/span><\/li>\n<li style=\"font-weight: 400;\"><span style=\"font-weight: 400;\">&Ccedil;evre ile ilgili yay\u0131nlar\u0131 izleyerek, standart, mevcut kanun ve y&ouml;netmeliklere uygunluk y&uuml;k&uuml;ml&uuml;l&uuml;klerinin yerine getirmeyi taahh&uuml;d&uuml; eder.<\/span><\/li>\n<li style=\"font-weight: 400;\"><span style=\"font-weight: 400;\">&Ccedil;evre kirlili\u011fini, &ccedil;evre y&ouml;netim sistemi ile en aza indirerek kontrol alt\u0131nda tutar.<\/span><\/li>\n<li style=\"font-weight: 400;\"><span style=\"font-weight: 400;\">T&uuml;m &ccedil;al\u0131\u015fanlar\u0131na ve ta\u015feronlar\u0131na\/tedarik&ccedil;ilerine &ccedil;evreye kar\u015f\u0131 duyarl\u0131 olmalar\u0131 konusunda destek olur.<\/span><\/li>\n<li style=\"font-weight: 400;\"><span style=\"font-weight: 400;\">&Ccedil;evre etkinliklerini, di\u011fer politika unsurlar\u0131na destek olacak \u015fekilde y&ouml;nlendirir.<\/span><\/li>\n<li style=\"font-weight: 400;\"><span style=\"font-weight: 400;\">&Ccedil;evre performans\u0131n\u0131 s&uuml;rekli geli\u015ftirmeyi taahh&uuml;t eder.<\/span><\/li>\n<li style=\"font-weight: 400;\"><span style=\"font-weight: 400;\">Do\u011fal kaynaklar\u0131n t&uuml;ketimlerini azaltan metotlar\u0131 kullan\u0131r.<\/span><\/li>\n<li style=\"font-weight: 400;\"><span style=\"font-weight: 400;\">Enerji verimlili\u011fini artt\u0131rarak t&uuml;ketimini azalt\u0131r.<\/span><\/li>\n<li style=\"font-weight: 400;\"><span style=\"font-weight: 400;\">Yenilenebilir enerji kaynaklar\u0131ndan elde edilen enerjiyi kullanmaya &ccedil;al\u0131\u015f\u0131r.<\/span><\/li>\n<li style=\"font-weight: 400;\"><span style=\"font-weight: 400;\">Su t&uuml;ketiminin azalt\u0131lmak ve su analizleri d&uuml;zenli olarak yapt\u0131rarak temiz su t&uuml;ketimini sa\u011flamak. At\u0131k sular\u0131 temiz su kaynaklar\u0131na kar\u0131\u015fmas\u0131n\u0131 engellemek.<\/span><\/li>\n<li style=\"font-weight: 400;\"><span style=\"font-weight: 400;\">Sera gaz\u0131 sal\u0131m\u0131n\u0131 azaltmak\/yok etek.<\/span><\/li>\n<li style=\"font-weight: 400;\"><span style=\"font-weight: 400;\">Tekrar kullan\u0131m ve geri d&ouml;n&uuml;\u015f\/de\u011ferlendirme proseslerine a\u011f\u0131rl\u0131k verir.<\/span><\/li>\n<li style=\"font-weight: 400;\"><span style=\"font-weight: 400;\">Do\u011fal ortamdaki hayvanlara ve di\u011fer canl\u0131lara zarar vermeyecek \u015fekilde &ccedil;al\u0131\u015fmalar\u0131n\u0131 d&uuml;zenlemek.<\/span><\/li>\n<li style=\"font-weight: 400;\"><span style=\"font-weight: 400;\">Ozon tabakas\u0131n\u0131 incelten maddelerin (ODS) azalt\u0131lmas\u0131 (ve ortadan kald\u0131r\u0131lmas\u0131) &ccedil;al\u0131\u015fmalar\u0131.<\/span><\/li>\n<li style=\"font-weight: 400;\"><span style=\"font-weight: 400;\">Enerji ve GHG&#8217;nin azalt\u0131lmas\u0131 (ve ortadan kald\u0131r\u0131lmas\u0131) i&ccedil;in &ccedil;al\u0131\u015f\u0131r,<\/span><\/li>\n<li style=\"font-weight: 400;\"><span style=\"font-weight: 400;\">Ozon Tabakas\u0131n\u0131 \u0130ncelten Maddeler y&ouml;netim s&uuml;reci uyumu hedefler,<\/span><\/li>\n<li style=\"font-weight: 400;\"><span style=\"font-weight: 400;\">Karbonsuzla\u015ft\u0131rma&nbsp;<\/span><\/li>\n<li style=\"font-weight: 400;\"><span style=\"font-weight: 400;\">Biyolojik &ccedil;e\u015fitlilik, arazi kullan\u0131m\u0131 ve ormans\u0131zla\u015fma&nbsp;<\/span><\/li>\n<li style=\"font-weight: 400;\"><span style=\"font-weight: 400;\">Toprak kalitesi&nbsp;<\/span><\/li>\n<li style=\"font-weight: 400;\"><span style=\"font-weight: 400;\">G&uuml;r&uuml;lt&uuml; emisyonlar\u0131<\/span><\/li>\n<\/ul>\n<p>&nbsp;<\/p>\n<p><span style=\"font-weight: 400;\">Bu do\u011frultuda&nbsp;HWASEUNG TR&nbsp;olarak &Ccedil;evre Hedeflerimizi belirleyece\u011fimizi, hedeflerimizi s&uuml;rekli g&ouml;zden ge&ccedil;irece\u011fimizi ve bu politikam\u0131z\u0131 t&uuml;m &ccedil;al\u0131\u015fanlar\u0131m\u0131z\/ta\u015feronlar\u0131m\u0131z\/tedarik&ccedil;ilerimiz aras\u0131nda yayg\u0131nla\u015ft\u0131raca\u011f\u0131m\u0131z\u0131, bu do\u011frultuda di\u011fer gereklilikler olan &ccedil;evre boyutlar\u0131m\u0131z ile ilgili y&uuml;k&uuml;ml&uuml; oldu\u011fumuz y&uuml;r&uuml;rl&uuml;kteki m&uuml;\u015fteri gereklilikleri, yasal gereklilikler\/mevzuatlara uyum sa\u011flayaca\u011f\u0131m\u0131z\u0131, s&uuml;rekli geli\u015fme ve kirlenmenin &ouml;nlenmesi hususunda etkin &ccedil;al\u0131\u015faca\u011f\u0131m\u0131z\u0131 taahh&uuml;t ederiz.<\/span><\/p>\n<\/p>\n<table>\n<tbody>\n<tr>\n<td>\n<p><strong><em>HAZIRLAYAN \/ YAYINLAYAN<\/em><\/strong><\/p>\n<p><strong><em>Y&ouml;netim Temsilcisi<\/em><\/strong><\/p>\n<\/td>\n<td>\n<p><strong><em>KONTROL EDEN<\/em><\/strong><\/p>\n<p><strong><em>Fabrika M&uuml;d&uuml;r&uuml;<\/em><\/strong><\/p>\n<\/td>\n<td>\n<p><strong><em>ONAYLAYAN<\/em><\/strong><\/p>\n<p><strong><em>Genel M&uuml;d&uuml;r<\/em><\/strong><\/p>\n<\/td>\n<\/tr>\n<tr>\n<td>\n<p><strong><em>ERHAN ADIG&Uuml;ZEL<\/em><\/strong><\/p>\n<\/td>\n<td>\n<p><strong><em>MEHMET T&Uuml;RK<\/em><\/strong><\/p>\n<\/td>\n<td>\n<p><strong><em>Wangyeol Yu<\/em><\/strong><\/p>\n<\/td>\n<\/tr>\n<\/tbody>\n<\/table>\n<p><\/p>\n<table>\n<tbody>\n<tr>\n<td colspan=\"5\">\n<p><strong>REV\u0130ZYONLAR<\/strong><\/p>\n<\/td>\n<\/tr>\n<tr>\n<td>\n<p><span style=\"font-weight: 400;\">Rev.No<\/span><\/p>\n<\/td>\n<td>\n<p><span style=\"font-weight: 400;\">Rev.Tarihi<\/span><\/p>\n<\/td>\n<td>\n<p><span style=\"font-weight: 400;\">Revizyon A&ccedil;\u0131klamas\u0131<\/span><\/p>\n<\/td>\n<td>\n<p><span style=\"font-weight: 400;\">De\u011fi\u015fen B&ouml;l&uuml;m<\/span><\/p>\n<\/td>\n<td>\n<p><span style=\"font-weight: 400;\">Sayfa<\/span><\/p>\n<\/td>\n<\/tr>\n<tr>\n<td>\n<p><span style=\"font-weight: 400;\">0<\/span><\/p>\n<p><span style=\"font-weight: 400;\">1<\/span><\/p>\n<p><span style=\"font-weight: 400;\">&#8211;<\/span><\/p>\n<p><span style=\"font-weight: 400;\">2<\/span><\/p>\n<p><span style=\"font-weight: 400;\">&#8211;<\/span><\/p>\n<p><span style=\"font-weight: 400;\">&#8211;<\/span><\/p>\n<p><span style=\"font-weight: 400;\">&#8211;<\/span><\/p>\n<p><span style=\"font-weight: 400;\">&#8211;<\/span><\/p>\n<p><span style=\"font-weight: 400;\">3<\/span><\/p>\n<p><span style=\"font-weight: 400;\">&#8211;<\/span><\/p>\n<p><span style=\"font-weight: 400;\">4<\/span><\/p>\n<\/td>\n<td>\n<p><span style=\"font-weight: 400;\">07.01.2014<\/span><\/p>\n<p><span style=\"font-weight: 400;\">02.06.2015<\/span><\/p>\n<p><span style=\"font-weight: 400;\">06.05.2016<\/span><\/p>\n<p><span style=\"font-weight: 400;\">14.09.2017<\/span><\/p>\n<p><span style=\"font-weight: 400;\">13.08.2018<\/span><\/p>\n<p><span style=\"font-weight: 400;\">11.08.2019<\/span><\/p>\n<p><span style=\"font-weight: 400;\">28.07.2020<\/span><\/p>\n<p><span style=\"font-weight: 400;\">04.07.2022<\/span><\/p>\n<p><span style=\"font-weight: 400;\">15.08.2022<\/span><\/p>\n<p><span style=\"font-weight: 400;\">03.07.2024<\/span><\/p>\n<p><span style=\"font-weight: 400;\">03.10.2024<\/span><\/p>\n<p><span style=\"font-weight: 400;\">11.03.2025<\/span><\/p>\n<\/td>\n<td>\n<p><span style=\"font-weight: 400;\">\u0130lk Yay\u0131n<\/span><\/p>\n<p><span style=\"font-weight: 400;\">G&ouml;zden Ge&ccedil;irme<\/span><\/p>\n<p><span style=\"font-weight: 400;\">G&ouml;zden Ge&ccedil;irme<\/span><\/p>\n<p><span style=\"font-weight: 400;\">ISO 14001:2015 versiyonuna uyum<\/span><\/p>\n<p><span style=\"font-weight: 400;\">G&ouml;zden Ge&ccedil;irme<\/span><\/p>\n<p><span style=\"font-weight: 400;\">G&ouml;zden Ge&ccedil;irme<\/span><\/p>\n<p><span style=\"font-weight: 400;\">G&ouml;zden Ge&ccedil;irme<\/span><\/p>\n<p><span style=\"font-weight: 400;\">G&ouml;zden Ge&ccedil;irme<\/span><\/p>\n<p><span style=\"font-weight: 400;\">Yenilenebilir enerji ilave edildi<\/span><\/p>\n<p><span style=\"font-weight: 400;\">G&ouml;zden Ge&ccedil;irme<\/span><\/p>\n<p><span style=\"font-weight: 400;\">Ek maddeler ilave edildi<\/span><\/p>\n<p><span style=\"font-weight: 400;\">G&ouml;zden Ge&ccedil;irme<\/span><\/p>\n<\/td>\n<td>\n<p><span style=\"font-weight: 400;\">&#8211;<\/span><\/p>\n<p><span style=\"font-weight: 400;\">&#8211;<\/span><\/p>\n<p><span style=\"font-weight: 400;\">&#8211;<\/span><\/p>\n<p><span style=\"font-weight: 400;\">Taahh&uuml;dler<\/span><\/p>\n<p><span style=\"font-weight: 400;\">&#8211;<\/span><\/p>\n<p><span style=\"font-weight: 400;\">&#8211;<\/span><\/p>\n<p><span style=\"font-weight: 400;\">&#8211;<\/span><\/p>\n<p><span style=\"font-weight: 400;\">&#8211;<\/span><\/p>\n<p><span style=\"font-weight: 400;\">Yenilenebilir enerji<\/span><\/p>\n<p><span style=\"font-weight: 400;\">&#8211;<\/span><\/p>\n<p><span style=\"font-weight: 400;\">&#8211;<\/span><\/p>\n<p><span style=\"font-weight: 400;\">&#8211;<\/span><\/p>\n<\/td>\n<td>\n<p><span style=\"font-weight: 400;\">&#8211;<\/span><\/p>\n<p><span style=\"font-weight: 400;\">&#8211;<\/span><\/p>\n<p><span style=\"font-weight: 400;\">&#8211;<\/span><\/p>\n<p><span style=\"font-weight: 400;\">1<\/span><\/p>\n<p><span style=\"font-weight: 400;\">&#8211;<\/span><\/p>\n<p><span style=\"font-weight: 400;\">&#8211;<\/span><\/p>\n<p><span style=\"font-weight: 400;\">&#8211;<\/span><\/p>\n<p><span style=\"font-weight: 400;\">&#8211;<\/span><\/p>\n<p><span style=\"font-weight: 400;\">1<\/span><\/p>\n<p><span style=\"font-weight: 400;\">&#8211;<\/span><\/p>\n<p><span style=\"font-weight: 400;\">1<\/span><\/p>\n<\/td>\n<\/tr>\n<\/tbody>\n<\/table>\n","protected":false},"excerpt":{"rendered":"<p>Faal halde oldu\u011fumuz i\u015f kollar\u0131nda HWASEUNG TR (HSTR); do\u011frudan ve dolayl\u0131 olarak etkile\u015fim i&ccedil;inde oldu\u011fu ki\u015fi, kurum ve kurulu\u015flar\u0131n &ccedil;evre bilincini art\u0131rmay\u0131, yerel ve b&ouml;lgesel kom\u015fular\u0131na kar\u015f\u0131 &ccedil;evresel sorumluluklar\u0131n\u0131 yerine getirmeyi g&ouml;rev kabul eder, &ccedil;evrenin ve do\u011fal kaynaklar\u0131n etkin kullan\u0131m\u0131n\u0131 esas alan sistemler olu\u015fturur ve s&uuml;reklili\u011fini sa\u011flar. Bu politika do\u011frultusunda; &Ccedil;evre ile ilgili yasal gereklilikleri [&hellip;]<\/p>\n","protected":false},"author":1,"featured_media":0,"parent":0,"menu_order":0,"comment_status":"closed","ping_status":"closed","template":"","meta":{"site-sidebar-layout":"default","site-content-layout":"","ast-site-content-layout":"default","site-content-style":"default","site-sidebar-style":"default","ast-global-header-display":"","ast-banner-title-visibility":"","ast-main-header-display":"","ast-hfb-above-header-display":"","ast-hfb-below-header-display":"","ast-hfb-mobile-header-display":"","site-post-title":"","ast-breadcrumbs-content":"","ast-featured-img":"","footer-sml-layout":"","theme-transparent-header-meta":"","adv-header-id-meta":"","stick-header-meta":"","header-above-stick-meta":"","header-main-stick-meta":"","header-below-stick-meta":"","astra-migrate-meta-layouts":"set","ast-page-background-enabled":"default","ast-page-background-meta":{"desktop":{"background-color":"var(--ast-global-color-4)","background-image":"","background-repeat":"repeat","background-position":"center center","background-size":"auto","background-attachment":"scroll","background-type":"","background-media":"","overlay-type":"","overlay-color":"","overlay-opacity":"","overlay-gradient":""},"tablet":{"background-color":"","background-image":"","background-repeat":"repeat","background-position":"center center","background-size":"auto","background-attachment":"scroll","background-type":"","background-media":"","overlay-type":"","overlay-color":"","overlay-opacity":"","overlay-gradient":""},"mobile":{"background-color":"","background-image":"","background-repeat":"repeat","background-position":"center center","background-size":"auto","background-attachment":"scroll","background-type":"","background-media":"","overlay-type":"","overlay-color":"","overlay-opacity":"","overlay-gradient":""}},"ast-content-background-meta":{"desktop":{"background-color":"var(--ast-global-color-5)","background-image":"","background-repeat":"repeat","background-position":"center center","background-size":"auto","background-attachment":"scroll","background-type":"","background-media":"","overlay-type":"","overlay-color":"","overlay-opacity":"","overlay-gradient":""},"tablet":{"background-color":"var(--ast-global-color-5)","background-image":"","background-repeat":"repeat","background-position":"center center","background-size":"auto","background-attachment":"scroll","background-type":"","background-media":"","overlay-type":"","overlay-color":"","overlay-opacity":"","overlay-gradient":""},"mobile":{"background-color":"var(--ast-global-color-5)","background-image":"","background-repeat":"repeat","background-position":"center center","background-size":"auto","background-attachment":"scroll","background-type":"","background-media":"","overlay-type":"","overlay-color":"","overlay-opacity":"","overlay-gradient":""}},"two_page_speed":[],"footnotes":""},"class_list":["post-148","page","type-page","status-publish","hentry"],"_links":{"self":[{"href":"https:\/\/www.hsabg.com\/index.php?rest_route=\/wp\/v2\/pages\/148","targetHints":{"allow":["GET"]}}],"collection":[{"href":"https:\/\/www.hsabg.com\/index.php?rest_route=\/wp\/v2\/pages"}],"about":[{"href":"https:\/\/www.hsabg.com\/index.php?rest_route=\/wp\/v2\/types\/page"}],"author":[{"embeddable":true,"href":"https:\/\/www.hsabg.com\/index.php?rest_route=\/wp\/v2\/users\/1"}],"replies":[{"embeddable":true,"href":"https:\/\/www.hsabg.com\/index.php?rest_route=%2Fwp%2Fv2%2Fcomments&post=148"}],"version-history":[{"count":30,"href":"https:\/\/www.hsabg.com\/index.php?rest_route=\/wp\/v2\/pages\/148\/revisions"}],"predecessor-version":[{"id":886,"href":"https:\/\/www.hsabg.com\/index.php?rest_route=\/wp\/v2\/pages\/148\/revisions\/886"}],"wp:attachment":[{"href":"https:\/\/www.hsabg.com\/index.php?rest_route=%2Fwp%2Fv2%2Fmedia&parent=148"}],"curies":[{"name":"wp","href":"https:\/\/api.w.org\/{rel}","templated":true}]}}